{"id":47703,"date":"2017-11-06T07:42:17","date_gmt":"2017-11-05T21:42:17","guid":{"rendered":"http:\/\/www.jesusnazareno.com\/425\/?page_id=47703"},"modified":"2025-12-02T13:44:59","modified_gmt":"2025-12-02T12:44:59","slug":"estatutos","status":"publish","type":"page","link":"https:\/\/www.jesusnazareno.com\/425\/estatutos\/","title":{"rendered":"Reglamento R.I."},"content":{"rendered":"<div class=\"et_pb_section_0 et_pb_section et_pb_fullwidth_section et_section_regular et_block_section\"><section class=\"et_pb_fullwidth_header_0 et_pb_fullwidth_header et_pb_bg_layout_dark et_pb_text_align_left et_pb_module et_flex_module\"><div class=\"et_pb_fullwidth_header_container left\"><div class=\"header-content-container center\"><div class=\"header-content et_flex_module\"><h1 class=\"et_pb_module_header\">REGLAMENTO DE REGIMEN INTERNO<\/h1><span class=\"et_pb_fullwidth_header_subhead\">de la Pontificia y Real Cofrad\u00eda y Hermandad Sacramental de Ntro. Padre Jes\u00fas Nazareno, Mar\u00eda Stma. de los Dolores Nazarena y San Juan Evangelista. Priego de C\u00f3rdoba<\/span><div class=\"et_pb_header_button_wrapper\"><\/div><\/div><\/div><\/div><div class=\"et_pb_fullwidth_header_overlay\"><\/div><div class=\"et_pb_fullwidth_header_scroll\"><\/div><\/section><\/div><div class=\"et_pb_section_1 et_pb_section et_section_regular et_block_section\"><div class=\"et_pb_row_0 et_pb_row et_pb_row_3-4_1-4 et_pb_gutters3 et_block_row\"><div class=\"et_pb_column_0 et_pb_column et_pb_column_3_4 et_block_column et_pb_css_mix_blend_mode_passthrough\"><div class=\"et_pb_blurb_0 et_pb_blurb et_pb_bg_layout_light et_pb_text_align_center et_pb_blurb_position_left et_animated et_pb_module et_flex_module\"><div class=\"et_pb_blurb_content et_flex_module\"><div class=\"et_pb_main_blurb_image\"><span class=\"et_pb_image_wrap\"><span class=\"et-pb-icon et-waypoint et_pb_animation_top et_pb_animation_top_tablet et_pb_animation_top_phone\">I<\/span><\/span><\/div><div class=\"et_pb_blurb_container\"><h4 class=\"et_pb_module_header\">Reglamento modificado el 17 de febrero 2023.<\/h4><\/div><\/div><\/div><div class=\"et_pb_text_0 et_pb_text et_pb_bg_layout_light et_pb_module et_flex_module\"><div class=\"et_pb_text_inner\"><p><div class=\"su-document su-u-responsive-media-yes\"><iframe loading=\"lazy\" src=\"\/\/docs.google.com\/viewer?embedded=true&#038;url=https:\/\/www.jesusnazareno.com\/425\/wp-content\/uploads\/2023\/09\/RRI-Febrero-2023.pdf\" width=\"600\" height=\"2000\" class=\"su-document\" title=\"\"><\/iframe><\/div><\/p>\n<\/div><\/div><\/div><div class=\"et_pb_column_1 et_pb_column et_pb_column_1_4 et-last-child et_block_column et_pb_css_mix_blend_mode_passthrough\"><div class=\"et_pb_sidebar_0 et_pb_widget_area clearfix et_pb_widget_area_left et_pb_bg_layout_light et_pb_module et_flex_module\"><div id=\"custom_html-7\" class=\"widget_text et_pb_widget widget_custom_html et_flex_column et_flex_column_24_24\"><div class=\"textwidget custom-html-widget\"><hr \/>\n<div class=\"su-button-center\"><a href=\"https:\/\/www.jesusnazareno.com\/425\/?page_id=47476\" class=\"su-button su-button-style-ghost su-button-wide\" style=\"color:#801596;background-color:#ede9ef;border-color:#bebbc0;border-radius:10px\" target=\"_self\" rel=\"lightbox\"><span style=\"color:#801596;padding:0px 18px;font-size:14px;line-height:28px;border-color:#f3f0f4;border-radius:10px;text-shadow:10px 10px px #000000\"> 425 Aniversario<\/span><\/a><\/div>\n<div class=\"su-button-center\"><a href=\"https:\/\/www.jesusnazareno.com\/425\/?page_id=48392\" class=\"su-button su-button-style-ghost su-button-wide\" style=\"color:#801596;background-color:#ede9ef;border-color:#bebbc0;border-radius:10px\" target=\"_self\" rel=\"lightbox\"><span style=\"color:#801596;padding:0px 18px;font-size:14px;line-height:28px;border-color:#f3f0f4;border-radius:10px;text-shadow:10px 10px px #000000\"> A\u00f1o Jubilar<\/span><\/a><\/div>\n<div class=\"su-button-center\"><a href=\"https:\/\/www.jesusnazareno.com\/425\/?page_id=1374\" class=\"su-button su-button-style-ghost su-button-wide\" style=\"color:#801596;background-color:#ede9ef;border-color:#bebbc0;border-radius:10px\" target=\"_self\" rel=\"lightbox\"><span style=\"color:#801596;padding:0px 18px;font-size:14px;line-height:28px;border-color:#f3f0f4;border-radius:10px;text-shadow:10px 10px px #000000\"> Noticias<\/span><\/a><\/div>\n<div class=\"su-button-center\"><a href=\"https:\/\/www.jesusnazareno.com\/425\/?page_id=47785\" class=\"su-button su-button-style-ghost su-button-wide\" style=\"color:#801596;background-color:#ede9ef;border-color:#bebbc0;border-radius:10px\" target=\"_self\" rel=\"lightbox\"><span style=\"color:#801596;padding:0px 18px;font-size:14px;line-height:28px;border-color:#f3f0f4;border-radius:10px;text-shadow:10px 10px px #000000\"> Horarios y Misas<\/span><\/a><\/div>\n<div class=\"su-button-center\"><a href=\"http:\/\/www.digitalizados3d.com\/fiestasnazarenas2016\/tour.html\" class=\"su-button su-button-style-ghost su-button-wide\" style=\"color:#801596;background-color:#ede9ef;border-color:#bebbc0;border-radius:10px\" target=\"_self\" rel=\"lightbox\"><span style=\"color:#801596;padding:0px 18px;font-size:14px;line-height:28px;border-color:#f3f0f4;border-radius:10px;text-shadow:10px 10px px #000000\"> Visita Virtual<\/span><\/a><\/div>\n<div class=\"su-button-center\"><a href=\"https:\/\/www.jesusnazareno.com\/425\/?page_id=48566\" class=\"su-button su-button-style-ghost su-button-wide\" style=\"color:#801596;background-color:#ede9ef;border-color:#bebbc0;border-radius:10px\" target=\"_self\" rel=\"lightbox\"><span style=\"color:#801596;padding:0px 18px;font-size:14px;line-height:28px;border-color:#f3f0f4;border-radius:10px;text-shadow:10px 10px px #000000\"> Revistas<\/span><\/a><\/div>\n<div class=\"su-button-center\"><a href=\"https:\/\/www.jesusnazareno.com\/425\/?page_id=210\" class=\"su-button su-button-style-ghost su-button-wide\" style=\"color:#801596;background-color:#ede9ef;border-color:#bebbc0;border-radius:10px\" target=\"_self\" rel=\"lightbox\"><span style=\"color:#801596;padding:0px 18px;font-size:14px;line-height:28px;border-color:#f3f0f4;border-radius:10px;text-shadow:10px 10px px #000000\"> Evangelio del D\u00eda<\/span><\/a><\/div>\n<div class=\"su-button-center\"><a href=\"https:\/\/www.jesusnazareno.com\/425\/obra-social\" class=\"su-button su-button-style-ghost su-button-wide\" style=\"color:#801596;background-color:#ede9ef;border-color:#bebbc0;border-radius:10px\" target=\"_self\" rel=\"lightbox\"><span style=\"color:#801596;padding:0px 18px;font-size:14px;line-height:28px;border-color:#f3f0f4;border-radius:10px;text-shadow:10px 10px px #000000\"> Obra Social<\/span><\/a><\/div>\n<hr \/><\/div><\/div><div id=\"block-3\" class=\"et_pb_widget widget_block widget_media_image et_flex_column et_flex_column_24_24\">\n<div class=\"wp-block-image\"><figure class=\"aligncenter size-full\"><img loading=\"lazy\" decoding=\"async\" width=\"110\" height=\"191\" src=\"https:\/\/www.jesusnazareno.com\/425\/wp-content\/uploads\/2017\/11\/jhs_footer-e1508870157603-1.png\" alt=\"\" class=\"wp-image-48212\"\/><\/figure><\/div>\n<\/div><\/div><\/div><\/div><\/div><div class=\"et_pb_section_2 et_pb_section et_section_regular et_block_section\"><div class=\"et_pb_row_1 et_pb_row et_pb_gutters3 et_block_row\"><div class=\"et_pb_column_2 et_pb_column et_pb_column_4_4 et-last-child et_block_column et_pb_css_mix_blend_mode_passthrough\"><div class=\"et_pb_text_1 et_pb_text et_pb_bg_layout_light et_animated et_pb_module et_flex_module\"><div class=\"et_pb_text_inner\"><p>\u00daltimas Noticias<\/p>\n<\/div><\/div><div class=\"et_pb_divider_0 et_pb_divider et_pb_space et_pb_divider_position_center et_animated et_pb_module\"><div class=\"et_pb_divider_internal\"><\/div><\/div><\/div><\/div><\/div><div class=\"et_pb_section_3 et_pb_section et_pb_fullwidth_section et_section_regular et_block_section\"><div class=\"et_pb_fullwidth_post_slider_0 et_pb_fullwidth_post_slider et_pb_bg_layout_dark et_pb_slider et_pb_post_slider et_pb_post_slider_image_background et_pb_slider_with_overlay et_pb_module\"><div class=\"box-shadow-overlay\"><\/div><div class=\"et_pb_slides\"><div class=\"et_pb_slide et_pb_slide_with_no_image et_pb_post_slide-55580\" style=\"background-image:url(https:\/\/www.jesusnazareno.com\/425\/wp-content\/uploads\/2026\/03\/peq_penitente_26.jpg)\"><div class=\"et_pb_slide_overlay_container\"><\/div><div class=\"et_pb_container clearfix\"><div class=\"et_pb_slider_container_inner\"><div class=\"et_pb_slide_description\"><h2 class=\"et_pb_slide_title\"><a href=\"https:\/\/www.jesusnazareno.com\/425\/peq-penitente\/\">Bases XV Concurso de Dibujo el \u00abPeque\u00f1o Penitente 2026\u00bb<\/a><\/h2><div class=\"et_pb_slide_content\"><p class=\"post-meta\">por <span class=\"author vcard\"><a href=\"https:\/\/www.jesusnazareno.com\/425\/author\/admin\/\" title=\"Mensajes de admin\" rel=\"author\">admin<\/a><\/span> | <span class=\"published\">23\/03\/2026<\/span> | <a href=\"https:\/\/www.jesusnazareno.com\/425\/category\/cuaresma\/\" rel=\"category tag\">Cuaresma<\/a>, <a href=\"https:\/\/www.jesusnazareno.com\/425\/category\/fotografias\/\" rel=\"category tag\">Fotografias<\/a>, <a href=\"https:\/\/www.jesusnazareno.com\/425\/category\/general\/\" rel=\"category tag\">General<\/a>, <a href=\"https:\/\/www.jesusnazareno.com\/425\/category\/noticias-de-hermandad\/\" rel=\"category tag\">Noticias<\/a>, <a href=\"https:\/\/www.jesusnazareno.com\/425\/category\/semana-santa\/\" rel=\"category tag\">Semana Santa<\/a>, <a href=\"https:\/\/www.jesusnazareno.com\/425\/category\/uncategorized\/\" rel=\"category tag\">Uncategorized<\/a>, <a href=\"https:\/\/www.jesusnazareno.com\/425\/category\/videos\/\" rel=\"category tag\">Videos<\/a>, <a href=\"https:\/\/www.jesusnazareno.com\/425\/category\/vocalia-de-juventud\/\" rel=\"category tag\">Vocal\u00eda de Juventud<\/a> | 0 Comments<\/p><div><p>Bases XV Concurso de Dibujo El Peque\u00f1o Penitente 2026<\/p>\n<\/div><\/div><div class=\"et_pb_button_wrapper\"><a class=\"et_pb_button et_pb_more_button\" href=\"https:\/\/www.jesusnazareno.com\/425\/peq-penitente\/\">Read More<\/a><\/div><\/div><\/div><\/div><\/div><div class=\"et_pb_slide et_pb_slide_with_no_image et_pb_post_slide-55560\" style=\"background-image:url(https:\/\/www.jesusnazareno.com\/425\/wp-content\/uploads\/2026\/03\/Bases_Video_26.jpeg)\"><div class=\"et_pb_slide_overlay_container\"><\/div><div class=\"et_pb_container clearfix\"><div class=\"et_pb_slider_container_inner\"><div class=\"et_pb_slide_description\"><h2 class=\"et_pb_slide_title\"><a href=\"https:\/\/www.jesusnazareno.com\/425\/bases-i-concurso-de-video-2026\/\">Bases I Concurso de Video 2026<\/a><\/h2><div class=\"et_pb_slide_content\"><p class=\"post-meta\">por <span class=\"author vcard\"><a href=\"https:\/\/www.jesusnazareno.com\/425\/author\/admin\/\" title=\"Mensajes de admin\" rel=\"author\">admin<\/a><\/span> | <span class=\"published\">23\/03\/2026<\/span> | <a href=\"https:\/\/www.jesusnazareno.com\/425\/category\/cuaresma\/\" rel=\"category tag\">Cuaresma<\/a>, <a href=\"https:\/\/www.jesusnazareno.com\/425\/category\/fotografias\/\" rel=\"category tag\">Fotografias<\/a>, <a href=\"https:\/\/www.jesusnazareno.com\/425\/category\/general\/\" rel=\"category tag\">General<\/a>, <a href=\"https:\/\/www.jesusnazareno.com\/425\/category\/noticias-de-hermandad\/\" rel=\"category tag\">Noticias<\/a>, <a href=\"https:\/\/www.jesusnazareno.com\/425\/category\/semana-santa\/\" rel=\"category tag\">Semana Santa<\/a>, <a href=\"https:\/\/www.jesusnazareno.com\/425\/category\/videos\/\" rel=\"category tag\">Videos<\/a> | 0 Comments<\/p><div><p>Bases del I Concurso de V\u00eddeo 2026<\/p>\n<\/div><\/div><div class=\"et_pb_button_wrapper\"><a class=\"et_pb_button et_pb_more_button\" href=\"https:\/\/www.jesusnazareno.com\/425\/bases-i-concurso-de-video-2026\/\">Read More<\/a><\/div><\/div><\/div><\/div><\/div><div class=\"et_pb_slide et_pb_slide_with_no_image et_pb_post_slide-55551\" style=\"background-image:url(https:\/\/www.jesusnazareno.com\/425\/wp-content\/uploads\/2026\/03\/Concurso_Fotos_26.jpeg)\"><div class=\"et_pb_slide_overlay_container\"><\/div><div class=\"et_pb_container clearfix\"><div class=\"et_pb_slider_container_inner\"><div class=\"et_pb_slide_description\"><h2 class=\"et_pb_slide_title\"><a href=\"https:\/\/www.jesusnazareno.com\/425\/bases-concurso-de-fotografia-2026\/\">Bases XXVIII Concurso de Fotograf\u00eda 2026<\/a><\/h2><div class=\"et_pb_slide_content\"><p class=\"post-meta\">por <span class=\"author vcard\"><a href=\"https:\/\/www.jesusnazareno.com\/425\/author\/admin\/\" title=\"Mensajes de admin\" rel=\"author\">admin<\/a><\/span> | <span class=\"published\">23\/03\/2026<\/span> | <a href=\"https:\/\/www.jesusnazareno.com\/425\/category\/cuaresma\/\" rel=\"category tag\">Cuaresma<\/a>, <a href=\"https:\/\/www.jesusnazareno.com\/425\/category\/fotografias\/\" rel=\"category tag\">Fotografias<\/a>, <a href=\"https:\/\/www.jesusnazareno.com\/425\/category\/general\/\" rel=\"category tag\">General<\/a>, <a href=\"https:\/\/www.jesusnazareno.com\/425\/category\/noticias-de-hermandad\/\" rel=\"category tag\">Noticias<\/a>, <a href=\"https:\/\/www.jesusnazareno.com\/425\/category\/semana-santa\/\" rel=\"category tag\">Semana Santa<\/a> | 0 Comments<\/p><div><p>Bases del Concurso de Fotograf\u00eda 2026<\/p>\n<\/div><\/div><div class=\"et_pb_button_wrapper\"><a class=\"et_pb_button et_pb_more_button\" href=\"https:\/\/www.jesusnazareno.com\/425\/bases-concurso-de-fotografia-2026\/\">Read More<\/a><\/div><\/div><\/div><\/div><\/div><\/div><\/div><\/div>","protected":false},"excerpt":{"rendered":"","protected":false},"author":1,"featured_media":0,"parent":0,"menu_order":0,"comment_status":"closed","ping_status":"closed","template":"","meta":{"footnotes":""},"class_list":["post-47703","page","type-page","status-publish","hentry"],"_links":{"self":[{"href":"https:\/\/www.jesusnazareno.com\/425\/wp-json\/wp\/v2\/pages\/47703","targetHints":{"allow":["GET"]}}],"collection":[{"href":"https:\/\/www.jesusnazareno.com\/425\/wp-json\/wp\/v2\/pages"}],"about":[{"href":"https:\/\/www.jesusnazareno.com\/425\/wp-json\/wp\/v2\/types\/page"}],"author":[{"embeddable":true,"href":"https:\/\/www.jesusnazareno.com\/425\/wp-json\/wp\/v2\/users\/1"}],"replies":[{"embeddable":true,"href":"https:\/\/www.jesusnazareno.com\/425\/wp-json\/wp\/v2\/comments?post=47703"}],"version-history":[{"count":12,"href":"https:\/\/www.jesusnazareno.com\/425\/wp-json\/wp\/v2\/pages\/47703\/revisions"}],"predecessor-version":[{"id":55223,"href":"https:\/\/www.jesusnazareno.com\/425\/wp-json\/wp\/v2\/pages\/47703\/revisions\/55223"}],"wp:attachment":[{"href":"https:\/\/www.jesusnazareno.com\/425\/wp-json\/wp\/v2\/media?parent=47703"}],"curies":[{"name":"wp","href":"https:\/\/api.w.org\/{rel}","templated":true}]}}