{"id":47785,"date":"2017-11-07T02:37:10","date_gmt":"2017-11-06T16:37:10","guid":{"rendered":"http:\/\/www.jesusnazareno.com\/425\/?page_id=47785"},"modified":"2026-03-09T19:50:38","modified_gmt":"2026-03-09T18:50:38","slug":"cultos","status":"publish","type":"page","link":"https:\/\/www.jesusnazareno.com\/425\/cultos\/","title":{"rendered":"Cultos"},"content":{"rendered":"<div class=\"et_pb_section_0 et_pb_section et_pb_fullwidth_section et_section_regular et_block_section et_animated\">\n<section class=\"et_pb_fullwidth_header_0 et_pb_fullwidth_header et_pb_bg_layout_dark et_pb_text_align_center et_pb_module et_flex_module\"><div class=\"et_pb_fullwidth_header_container center\"><div class=\"header-content-container center\"><div class=\"header-content et_flex_module\"><h2 class=\"et_pb_module_header\">Cultos de la Cofrad\u00eda y Hermandad<\/h2><div class=\"et_pb_header_content_wrapper\"><p>Informaci\u00f3n sobre los Cultos de la Cofrad\u00eda y Hermandad<\/p>\n<\/div><div class=\"et_pb_header_button_wrapper\"><\/div><\/div><\/div><\/div><div class=\"et_pb_fullwidth_header_overlay\"><\/div><div class=\"et_pb_fullwidth_header_scroll\"><\/div><\/section>\n<\/div>\n\n<div class=\"et_pb_section_1 et_pb_section et_section_regular et_block_section\">\n<div class=\"et_pb_row_0 et_pb_row et_pb_gutters3 et_block_row\">\n<div class=\"et_pb_column_0 et_pb_column et_pb_column_4_4 et-last-child et_block_column et_pb_css_mix_blend_mode_passthrough\">\n<div class=\"et_pb_divider_0 et_pb_divider et_pb_space et_pb_divider_position_bottom et_animated et_pb_module\"><div class=\"et_pb_divider_internal\"><\/div><\/div>\n<\/div>\n<\/div>\n<\/div>\n\n<div class=\"et_pb_section_2 et_pb_section et_section_specialty et_pb_gutters3 et_block_section\"><div class=\"et_pb_row et_pb_row-3-4_1-4 et_block_row\">\n<div class=\"et_pb_column_1 et_pb_column et_pb_specialty_column et_pb_column_3_4 et_block_column et_pb_css_mix_blend_mode_passthrough\">\n<div class=\"et_pb_row_inner_0 et_pb_row_inner et_block_row\">\n<div class=\"et_pb_column_inner_0 et_pb_column_inner et_pb_column et_pb_column_4_4 et-last-child et_block_column et_pb_css_mix_blend_mode_passthrough\">\n<div class=\"et_pb_text_0 et_pb_text et_pb_bg_layout_light et_pb_module et_block_module\"><div class=\"et_pb_text_inner\"><p style=\"text-align: center;\"><strong>El horario de misas y aperturta de la Iglesia de San Franciso se ha visto alterado por el covid. De forma temporal y hasta nuevo aviso ser\u00e1 el siguiente:<\/strong><\/p>\n<\/div><\/div>\n<\/div>\n<\/div>\n\n<div class=\"et_pb_row_inner_1 et_pb_row_inner et_block_row\">\n<div class=\"et_pb_column_inner_1 et_pb_column_inner et_pb_column et_pb_column_3_8 et_block_column et_pb_css_mix_blend_mode_passthrough\">\n<div class=\"et_pb_image_0 et_pb_image et_pb_module et_block_module\"><a href=\"https:\/\/www.jesusnazareno.com\/425\/wp-content\/uploads\/2021\/10\/horario.jpeg\" class=\"et_pb_lightbox_image\"><span class=\"et_pb_image_wrap\"><img loading=\"lazy\" decoding=\"async\" src=\"https:\/\/www.jesusnazareno.com\/425\/wp-content\/uploads\/2021\/10\/horario.jpeg\" width=\"940\" height=\"788\" srcset=\"https:\/\/www.jesusnazareno.com\/425\/wp-content\/uploads\/2021\/10\/horario.jpeg 940w, https:\/\/www.jesusnazareno.com\/425\/wp-content\/uploads\/2021\/10\/horario-480x402.jpeg 480w\" sizes=\"(min-width: 0px) and (max-width: 480px) 480px, (min-width: 481px) 940px, 100vw\" class=\"wp-image-54562\" title=\"horario\" \/><\/span><\/a><\/div>\n<\/div>\n\n<div class=\"et_pb_column_inner_2 et_pb_column_inner et_pb_column et_pb_column_3_8 et-last-child et_block_column et_pb_css_mix_blend_mode_passthrough\">\n<div class=\"et_pb_image_1 et_pb_image et_pb_module et_block_module\"><a href=\"https:\/\/www.jesusnazareno.com\/425\/wp-content\/uploads\/2021\/10\/misas.jpeg\" class=\"et_pb_lightbox_image\"><span class=\"et_pb_image_wrap\"><img loading=\"lazy\" decoding=\"async\" src=\"https:\/\/www.jesusnazareno.com\/425\/wp-content\/uploads\/2021\/10\/misas.jpeg\" width=\"940\" height=\"788\" srcset=\"https:\/\/www.jesusnazareno.com\/425\/wp-content\/uploads\/2021\/10\/misas.jpeg 940w, https:\/\/www.jesusnazareno.com\/425\/wp-content\/uploads\/2021\/10\/misas-480x402.jpeg 480w\" sizes=\"(min-width: 0px) and (max-width: 480px) 480px, (min-width: 481px) 940px, 100vw\" class=\"wp-image-54563\" title=\"misas\" \/><\/span><\/a><\/div>\n<\/div>\n<\/div>\n\n<div class=\"et_pb_row_inner_2 et_pb_row_inner et_block_row\">\n<div class=\"et_pb_column_inner_3 et_pb_column_inner et_pb_column et_pb_column_4_4 et-last-child et_block_column et_pb_css_mix_blend_mode_passthrough\">\n<div class=\"et_pb_image_2 et_pb_image et_animated et_pb_module et_block_module\"><a href=\"https:\/\/www.jesusnazareno.com\/425\/wp-content\/uploads\/2026\/03\/Actos-y-Cultos-2026.jpg\"><span class=\"et_pb_image_wrap\"><img loading=\"lazy\" decoding=\"async\" src=\"https:\/\/www.jesusnazareno.com\/425\/wp-content\/uploads\/2026\/03\/Actos-y-Cultos-2026.jpg\" width=\"1795\" height=\"2538\" srcset=\"https:\/\/www.jesusnazareno.com\/425\/wp-content\/uploads\/2026\/03\/Actos-y-Cultos-2026.jpg 1795w, https:\/\/www.jesusnazareno.com\/425\/wp-content\/uploads\/2026\/03\/Actos-y-Cultos-2026-1280x1810.jpg 1280w, https:\/\/www.jesusnazareno.com\/425\/wp-content\/uploads\/2026\/03\/Actos-y-Cultos-2026-980x1386.jpg 980w, https:\/\/www.jesusnazareno.com\/425\/wp-content\/uploads\/2026\/03\/Actos-y-Cultos-2026-480x679.jpg 480w\" sizes=\"(min-width: 0px) and (max-width: 480px) 480px, (min-width: 481px) and (max-width: 980px) 980px, (min-width: 981px) and (max-width: 1280px) 1280px, (min-width: 1281px) 1795px, 100vw\" class=\"wp-image-55476\" title=\"cultos2021\" \/><\/span><\/a><\/div>\n<\/div>\n<\/div>\n<\/div>\n\n<div class=\"et_pb_column_2 et_pb_column et_pb_column_single et_pb_column_1_4 et-last-child et_block_column et_pb_css_mix_blend_mode_passthrough\">\n<div class=\"et_pb_sidebar_0 et_pb_widget_area clearfix et_pb_widget_area_right et_pb_bg_layout_light et_pb_module et_flex_module\"><div id=\"custom_html-7\" class=\"widget_text et_pb_widget widget_custom_html et_flex_column et_flex_column_24_24\"><div class=\"textwidget custom-html-widget\"><hr \/>\n<div class=\"su-button-center\"><a href=\"https:\/\/www.jesusnazareno.com\/425\/?page_id=47476\" class=\"su-button su-button-style-ghost su-button-wide\" style=\"color:#801596;background-color:#ede9ef;border-color:#bebbc0;border-radius:10px\" target=\"_self\" rel=\"lightbox\"><span style=\"color:#801596;padding:0px 18px;font-size:14px;line-height:28px;border-color:#f3f0f4;border-radius:10px;text-shadow:10px 10px px #000000\"> 425 Aniversario<\/span><\/a><\/div>\n<div class=\"su-button-center\"><a href=\"https:\/\/www.jesusnazareno.com\/425\/?page_id=48392\" class=\"su-button su-button-style-ghost su-button-wide\" style=\"color:#801596;background-color:#ede9ef;border-color:#bebbc0;border-radius:10px\" target=\"_self\" rel=\"lightbox\"><span style=\"color:#801596;padding:0px 18px;font-size:14px;line-height:28px;border-color:#f3f0f4;border-radius:10px;text-shadow:10px 10px px #000000\"> A\u00f1o Jubilar<\/span><\/a><\/div>\n<div class=\"su-button-center\"><a href=\"https:\/\/www.jesusnazareno.com\/425\/?page_id=1374\" class=\"su-button su-button-style-ghost su-button-wide\" style=\"color:#801596;background-color:#ede9ef;border-color:#bebbc0;border-radius:10px\" target=\"_self\" rel=\"lightbox\"><span style=\"color:#801596;padding:0px 18px;font-size:14px;line-height:28px;border-color:#f3f0f4;border-radius:10px;text-shadow:10px 10px px #000000\"> Noticias<\/span><\/a><\/div>\n<div class=\"su-button-center\"><a href=\"https:\/\/www.jesusnazareno.com\/425\/?page_id=47785\" class=\"su-button su-button-style-ghost su-button-wide\" style=\"color:#801596;background-color:#ede9ef;border-color:#bebbc0;border-radius:10px\" target=\"_self\" rel=\"lightbox\"><span style=\"color:#801596;padding:0px 18px;font-size:14px;line-height:28px;border-color:#f3f0f4;border-radius:10px;text-shadow:10px 10px px #000000\"> Horarios y Misas<\/span><\/a><\/div>\n<div class=\"su-button-center\"><a href=\"http:\/\/www.digitalizados3d.com\/fiestasnazarenas2016\/tour.html\" class=\"su-button su-button-style-ghost su-button-wide\" style=\"color:#801596;background-color:#ede9ef;border-color:#bebbc0;border-radius:10px\" target=\"_self\" rel=\"lightbox\"><span style=\"color:#801596;padding:0px 18px;font-size:14px;line-height:28px;border-color:#f3f0f4;border-radius:10px;text-shadow:10px 10px px #000000\"> Visita Virtual<\/span><\/a><\/div>\n<div class=\"su-button-center\"><a href=\"https:\/\/www.jesusnazareno.com\/425\/?page_id=48566\" class=\"su-button su-button-style-ghost su-button-wide\" style=\"color:#801596;background-color:#ede9ef;border-color:#bebbc0;border-radius:10px\" target=\"_self\" rel=\"lightbox\"><span style=\"color:#801596;padding:0px 18px;font-size:14px;line-height:28px;border-color:#f3f0f4;border-radius:10px;text-shadow:10px 10px px #000000\"> Revistas<\/span><\/a><\/div>\n<div class=\"su-button-center\"><a href=\"https:\/\/www.jesusnazareno.com\/425\/?page_id=210\" class=\"su-button su-button-style-ghost su-button-wide\" style=\"color:#801596;background-color:#ede9ef;border-color:#bebbc0;border-radius:10px\" target=\"_self\" rel=\"lightbox\"><span style=\"color:#801596;padding:0px 18px;font-size:14px;line-height:28px;border-color:#f3f0f4;border-radius:10px;text-shadow:10px 10px px #000000\"> Evangelio del D\u00eda<\/span><\/a><\/div>\n<div class=\"su-button-center\"><a href=\"https:\/\/www.jesusnazareno.com\/425\/obra-social\" class=\"su-button su-button-style-ghost su-button-wide\" style=\"color:#801596;background-color:#ede9ef;border-color:#bebbc0;border-radius:10px\" target=\"_self\" rel=\"lightbox\"><span style=\"color:#801596;padding:0px 18px;font-size:14px;line-height:28px;border-color:#f3f0f4;border-radius:10px;text-shadow:10px 10px px #000000\"> Obra Social<\/span><\/a><\/div>\n<hr \/><\/div><\/div><div id=\"block-3\" class=\"et_pb_widget widget_block widget_media_image et_flex_column et_flex_column_24_24\">\n<div class=\"wp-block-image\"><figure class=\"aligncenter size-full\"><img loading=\"lazy\" decoding=\"async\" width=\"110\" height=\"191\" src=\"https:\/\/www.jesusnazareno.com\/425\/wp-content\/uploads\/2017\/11\/jhs_footer-e1508870157603-1.png\" alt=\"\" class=\"wp-image-48212\"\/><\/figure><\/div>\n<\/div><\/div>\n<\/div>\n<\/div><\/div>\n\n<div class=\"et_pb_section_3 et_pb_section et_section_regular et_block_section\">\n<div class=\"et_pb_row_1 et_pb_row et_pb_gutters3 et_block_row\">\n<div class=\"et_pb_column_3 et_pb_column et_pb_column_4_4 et-last-child et_block_column et_pb_css_mix_blend_mode_passthrough\">\n<div class=\"et_pb_text_1 et_pb_text et_pb_bg_layout_light et_animated et_pb_module et_block_module\"><div class=\"et_pb_text_inner\"><p>\u00daltimas Noticias<\/p>\n<\/div><\/div>\n\n<div class=\"et_pb_divider_1 et_pb_divider et_pb_space et_pb_divider_position_center et_animated et_pb_module\"><div class=\"et_pb_divider_internal\"><\/div><\/div>\n<\/div>\n<\/div>\n<\/div>\n\n<div class=\"et_pb_section_4 et_pb_section et_pb_fullwidth_section et_section_regular et_block_section\">\n<div class=\"et_pb_fullwidth_post_slider_0 et_pb_fullwidth_post_slider et_pb_bg_layout_dark et_pb_slider et_pb_post_slider et_pb_post_slider_image_background et_pb_slider_with_overlay et_pb_module\"><div class=\"box-shadow-overlay\"><\/div><div class=\"et_pb_slides\"><div class=\"et_pb_slide et_pb_slide_with_no_image et_pb_post_slide-55580\" style=\"background-image:url(https:\/\/www.jesusnazareno.com\/425\/wp-content\/uploads\/2026\/03\/peq_penitente_26.jpg)\"><div class=\"et_pb_slide_overlay_container\"><\/div><div class=\"et_pb_container clearfix\"><div class=\"et_pb_slider_container_inner\"><div class=\"et_pb_slide_description\"><h2 class=\"et_pb_slide_title\"><a href=\"https:\/\/www.jesusnazareno.com\/425\/peq-penitente\/\">Bases XV Concurso de Dibujo el \u00abPeque\u00f1o Penitente 2026\u00bb<\/a><\/h2><div class=\"et_pb_slide_content\"><p class=\"post-meta\">por <span class=\"author vcard\"><a href=\"https:\/\/www.jesusnazareno.com\/425\/author\/admin\/\" title=\"Mensajes de admin\" rel=\"author\">admin<\/a><\/span> | <span class=\"published\">23\/03\/2026<\/span> | <a href=\"https:\/\/www.jesusnazareno.com\/425\/category\/cuaresma\/\" rel=\"category tag\">Cuaresma<\/a>, <a href=\"https:\/\/www.jesusnazareno.com\/425\/category\/fotografias\/\" rel=\"category tag\">Fotografias<\/a>, <a href=\"https:\/\/www.jesusnazareno.com\/425\/category\/general\/\" rel=\"category tag\">General<\/a>, <a href=\"https:\/\/www.jesusnazareno.com\/425\/category\/noticias-de-hermandad\/\" rel=\"category tag\">Noticias<\/a>, <a href=\"https:\/\/www.jesusnazareno.com\/425\/category\/semana-santa\/\" rel=\"category tag\">Semana Santa<\/a>, <a href=\"https:\/\/www.jesusnazareno.com\/425\/category\/uncategorized\/\" rel=\"category tag\">Uncategorized<\/a>, <a href=\"https:\/\/www.jesusnazareno.com\/425\/category\/videos\/\" rel=\"category tag\">Videos<\/a>, <a href=\"https:\/\/www.jesusnazareno.com\/425\/category\/vocalia-de-juventud\/\" rel=\"category tag\">Vocal\u00eda de Juventud<\/a> | 0 Comments<\/p><div><p>Bases XV Concurso de Dibujo El Peque\u00f1o Penitente 2026<\/p>\n<\/div><\/div><div class=\"et_pb_button_wrapper\"><a class=\"et_pb_button et_pb_more_button\" href=\"https:\/\/www.jesusnazareno.com\/425\/peq-penitente\/\">Read More<\/a><\/div><\/div><\/div><\/div><\/div><div class=\"et_pb_slide et_pb_slide_with_no_image et_pb_post_slide-55560\" style=\"background-image:url(https:\/\/www.jesusnazareno.com\/425\/wp-content\/uploads\/2026\/03\/Bases_Video_26.jpeg)\"><div class=\"et_pb_slide_overlay_container\"><\/div><div class=\"et_pb_container clearfix\"><div class=\"et_pb_slider_container_inner\"><div class=\"et_pb_slide_description\"><h2 class=\"et_pb_slide_title\"><a href=\"https:\/\/www.jesusnazareno.com\/425\/bases-i-concurso-de-video-2026\/\">Bases I Concurso de Video 2026<\/a><\/h2><div class=\"et_pb_slide_content\"><p class=\"post-meta\">por <span class=\"author vcard\"><a href=\"https:\/\/www.jesusnazareno.com\/425\/author\/admin\/\" title=\"Mensajes de admin\" rel=\"author\">admin<\/a><\/span> | <span class=\"published\">23\/03\/2026<\/span> | <a href=\"https:\/\/www.jesusnazareno.com\/425\/category\/cuaresma\/\" rel=\"category tag\">Cuaresma<\/a>, <a href=\"https:\/\/www.jesusnazareno.com\/425\/category\/fotografias\/\" rel=\"category tag\">Fotografias<\/a>, <a href=\"https:\/\/www.jesusnazareno.com\/425\/category\/general\/\" rel=\"category tag\">General<\/a>, <a href=\"https:\/\/www.jesusnazareno.com\/425\/category\/noticias-de-hermandad\/\" rel=\"category tag\">Noticias<\/a>, <a href=\"https:\/\/www.jesusnazareno.com\/425\/category\/semana-santa\/\" rel=\"category tag\">Semana Santa<\/a>, <a href=\"https:\/\/www.jesusnazareno.com\/425\/category\/videos\/\" rel=\"category tag\">Videos<\/a> | 0 Comments<\/p><div><p>Bases del I Concurso de V\u00eddeo 2026<\/p>\n<\/div><\/div><div class=\"et_pb_button_wrapper\"><a class=\"et_pb_button et_pb_more_button\" href=\"https:\/\/www.jesusnazareno.com\/425\/bases-i-concurso-de-video-2026\/\">Read More<\/a><\/div><\/div><\/div><\/div><\/div><div class=\"et_pb_slide et_pb_slide_with_no_image et_pb_post_slide-55551\" style=\"background-image:url(https:\/\/www.jesusnazareno.com\/425\/wp-content\/uploads\/2026\/03\/Concurso_Fotos_26.jpeg)\"><div class=\"et_pb_slide_overlay_container\"><\/div><div class=\"et_pb_container clearfix\"><div class=\"et_pb_slider_container_inner\"><div class=\"et_pb_slide_description\"><h2 class=\"et_pb_slide_title\"><a href=\"https:\/\/www.jesusnazareno.com\/425\/bases-concurso-de-fotografia-2026\/\">Bases XXVIII Concurso de Fotograf\u00eda 2026<\/a><\/h2><div class=\"et_pb_slide_content\"><p class=\"post-meta\">por <span class=\"author vcard\"><a href=\"https:\/\/www.jesusnazareno.com\/425\/author\/admin\/\" title=\"Mensajes de admin\" rel=\"author\">admin<\/a><\/span> | <span class=\"published\">23\/03\/2026<\/span> | <a href=\"https:\/\/www.jesusnazareno.com\/425\/category\/cuaresma\/\" rel=\"category tag\">Cuaresma<\/a>, <a href=\"https:\/\/www.jesusnazareno.com\/425\/category\/fotografias\/\" rel=\"category tag\">Fotografias<\/a>, <a href=\"https:\/\/www.jesusnazareno.com\/425\/category\/general\/\" rel=\"category tag\">General<\/a>, <a href=\"https:\/\/www.jesusnazareno.com\/425\/category\/noticias-de-hermandad\/\" rel=\"category tag\">Noticias<\/a>, <a href=\"https:\/\/www.jesusnazareno.com\/425\/category\/semana-santa\/\" rel=\"category tag\">Semana Santa<\/a> | 0 Comments<\/p><div><p>Bases del Concurso de Fotograf\u00eda 2026<\/p>\n<\/div><\/div><div class=\"et_pb_button_wrapper\"><a class=\"et_pb_button et_pb_more_button\" href=\"https:\/\/www.jesusnazareno.com\/425\/bases-concurso-de-fotografia-2026\/\">Read More<\/a><\/div><\/div><\/div><\/div><\/div><div class=\"et_pb_slide et_pb_slide_with_no_image et_pb_post_slide-55511\" style=\"background-image:url(https:\/\/www.jesusnazareno.com\/425\/wp-content\/uploads\/2026\/03\/Logo-web-nuevo-2026.png)\"><div class=\"et_pb_slide_overlay_container\"><\/div><div class=\"et_pb_container clearfix\"><div class=\"et_pb_slider_container_inner\"><div class=\"et_pb_slide_description\"><h2 class=\"et_pb_slide_title\"><a href=\"https:\/\/www.jesusnazareno.com\/425\/revista-nazarena-cuaresma-2026\/\">Revista Nazarena. Cuaresma 2026<\/a><\/h2><div class=\"et_pb_slide_content\"><p class=\"post-meta\">por <span class=\"author vcard\"><a href=\"https:\/\/www.jesusnazareno.com\/425\/author\/admin\/\" title=\"Mensajes de admin\" rel=\"author\">admin<\/a><\/span> | <span class=\"published\">10\/03\/2026<\/span> | <a href=\"https:\/\/www.jesusnazareno.com\/425\/category\/cuaresma\/\" rel=\"category tag\">Cuaresma<\/a>, <a href=\"https:\/\/www.jesusnazareno.com\/425\/category\/general\/\" rel=\"category tag\">General<\/a>, <a href=\"https:\/\/www.jesusnazareno.com\/425\/category\/semana-santa\/\" rel=\"category tag\">Semana Santa<\/a> | 0 Comments<\/p><div><p>Presentamos la Edici\u00f3n Especial N\u00ba 50 de la Revista \u00abJes\u00fas Nazareno\u00bb \u2013 Semana Santa 2026. Con gran alegr\u00eda y orgullo, compartimos la edici\u00f3n n\u00famero 50 de nuestra revista oficial, un hito que representa \u00abcasi medio siglo de palabras e im\u00e1genes\u00bb dedicadas a narrar la fe&#8230;<\/p>\n<\/div><\/div><div class=\"et_pb_button_wrapper\"><a class=\"et_pb_button et_pb_more_button\" href=\"https:\/\/www.jesusnazareno.com\/425\/revista-nazarena-cuaresma-2026\/\">Read More<\/a><\/div><\/div><\/div><\/div><\/div><div class=\"et_pb_slide et_pb_slide_with_no_image et_pb_post_slide-55456\" style=\"background-image:url(https:\/\/www.jesusnazareno.com\/425\/wp-content\/uploads\/2026\/03\/Quinario-Virgen-2026.jpg)\"><div class=\"et_pb_slide_overlay_container\"><\/div><div class=\"et_pb_container clearfix\"><div class=\"et_pb_slider_container_inner\"><div class=\"et_pb_slide_description\"><h2 class=\"et_pb_slide_title\"><a href=\"https:\/\/www.jesusnazareno.com\/425\/solemne-triduo-en-honor-a-marias-stma-de-los-dolores-nazarena-cuaresma-2026\/\">Solemne Triduo en Honor a Mar\u00eda Stma. de los Dolores Nazarena. Cuaresma 2026.<\/a><\/h2><div class=\"et_pb_slide_content\"><p class=\"post-meta\">por <span class=\"author vcard\"><a href=\"https:\/\/www.jesusnazareno.com\/425\/author\/admin\/\" title=\"Mensajes de admin\" rel=\"author\">admin<\/a><\/span> | <span class=\"published\">10\/03\/2026<\/span> | <a href=\"https:\/\/www.jesusnazareno.com\/425\/category\/cuaresma\/\" rel=\"category tag\">Cuaresma<\/a>, <a href=\"https:\/\/www.jesusnazareno.com\/425\/category\/cultos\/\" rel=\"category tag\">Cultos y misas<\/a>, <a href=\"https:\/\/www.jesusnazareno.com\/425\/category\/noticias-de-hermandad\/\" rel=\"category tag\">Noticias<\/a>, <a href=\"https:\/\/www.jesusnazareno.com\/425\/category\/semana-santa\/\" rel=\"category tag\">Semana Santa<\/a> | 0 Comments<\/p><div><p>Solemne Triduo en Honor a Nuestra venerada Titular Mar\u00eda Sant\u00edsima de los Dolores Nazarena los d\u00edas 25, 26 y 27 de marzo, comenzando a las 19,30h de la tarde en la Capilla de nuestra Cofrad\u00eda y Hermandad en la Iglesia de San Francisco. Con el siguiente orden de&#8230;<\/p>\n<\/div><\/div><div class=\"et_pb_button_wrapper\"><a class=\"et_pb_button et_pb_more_button\" href=\"https:\/\/www.jesusnazareno.com\/425\/solemne-triduo-en-honor-a-marias-stma-de-los-dolores-nazarena-cuaresma-2026\/\">Read More<\/a><\/div><\/div><\/div><\/div><\/div><div class=\"et_pb_slide et_pb_slide_with_no_image et_pb_post_slide-55402\" style=\"background-image:url(https:\/\/www.jesusnazareno.com\/425\/wp-content\/uploads\/2026\/03\/Cartel-Quinario-Jesus-2026.jpg)\"><div class=\"et_pb_slide_overlay_container\"><\/div><div class=\"et_pb_container clearfix\"><div class=\"et_pb_slider_container_inner\"><div class=\"et_pb_slide_description\"><h2 class=\"et_pb_slide_title\"><a href=\"https:\/\/www.jesusnazareno.com\/425\/quinario-en-honor-a-ntro-padre-jesus-nazareno-cuaresma-2026\/\">Quinario en Honor a Ntro. Padre Jes\u00fas Nazareno. Cuaresma 2026.<\/a><\/h2><div class=\"et_pb_slide_content\"><p class=\"post-meta\">por <span class=\"author vcard\"><a href=\"https:\/\/www.jesusnazareno.com\/425\/author\/admin\/\" title=\"Mensajes de admin\" rel=\"author\">admin<\/a><\/span> | <span class=\"published\">06\/02\/2026<\/span> | <a href=\"https:\/\/www.jesusnazareno.com\/425\/category\/cuaresma\/\" rel=\"category tag\">Cuaresma<\/a>, <a href=\"https:\/\/www.jesusnazareno.com\/425\/category\/cultos\/\" rel=\"category tag\">Cultos y misas<\/a>, <a href=\"https:\/\/www.jesusnazareno.com\/425\/category\/semana-santa\/\" rel=\"category tag\">Semana Santa<\/a> | 0 Comments<\/p><div><p>Celebraci\u00f3n Solemne Quinario en Honor a Nuestro Padre\u00a0Jes\u00fas Nazareno\u00a0los\u00a0viernes 20 y 27 de febrero, 6, 13, y 20\u00a0de marzo, comenzando a las\u00a07,30h de la tarde\u00a0en la\u00a0capilla de nuestra Cofrad\u00eda y Hermandad en la Iglesia de San Francisco. Con el siguiente orden de&#8230;<\/p>\n<\/div><\/div><div class=\"et_pb_button_wrapper\"><a class=\"et_pb_button et_pb_more_button\" href=\"https:\/\/www.jesusnazareno.com\/425\/quinario-en-honor-a-ntro-padre-jesus-nazareno-cuaresma-2026\/\">Read More<\/a><\/div><\/div><\/div><\/div><\/div><\/div><\/div>\n<\/div>","protected":false},"excerpt":{"rendered":"","protected":false},"author":1,"featured_media":0,"parent":0,"menu_order":0,"comment_status":"closed","ping_status":"closed","template":"","meta":{"footnotes":""},"class_list":["post-47785","page","type-page","status-publish","hentry"],"_links":{"self":[{"href":"https:\/\/www.jesusnazareno.com\/425\/wp-json\/wp\/v2\/pages\/47785","targetHints":{"allow":["GET"]}}],"collection":[{"href":"https:\/\/www.jesusnazareno.com\/425\/wp-json\/wp\/v2\/pages"}],"about":[{"href":"https:\/\/www.jesusnazareno.com\/425\/wp-json\/wp\/v2\/types\/page"}],"author":[{"embeddable":true,"href":"https:\/\/www.jesusnazareno.com\/425\/wp-json\/wp\/v2\/users\/1"}],"replies":[{"embeddable":true,"href":"https:\/\/www.jesusnazareno.com\/425\/wp-json\/wp\/v2\/comments?post=47785"}],"version-history":[{"count":17,"href":"https:\/\/www.jesusnazareno.com\/425\/wp-json\/wp\/v2\/pages\/47785\/revisions"}],"predecessor-version":[{"id":55493,"href":"https:\/\/www.jesusnazareno.com\/425\/wp-json\/wp\/v2\/pages\/47785\/revisions\/55493"}],"wp:attachment":[{"href":"https:\/\/www.jesusnazareno.com\/425\/wp-json\/wp\/v2\/media?parent=47785"}],"curies":[{"name":"wp","href":"https:\/\/api.w.org\/{rel}","templated":true}]}}